{"id":25,"date":"2023-06-23T12:27:22","date_gmt":"2023-06-23T10:27:22","guid":{"rendered":"https:\/\/leclub.puredrive.info\/index.php\/responsive-design\/"},"modified":"2023-07-08T23:47:04","modified_gmt":"2023-07-08T21:47:04","slug":"responsive-design","status":"publish","type":"page","link":"https:\/\/leclub.puredrive.info\/","title":{"rendered":""},"content":{"rendered":"<p><img loading=\"lazy\" decoding=\"async\" src=\"https:\/\/leclub.puredrive.info\/wp-content\/uploads\/2023\/06\/cropped-Original-Logo-300x300.png\" class=\"alignnone wp-image-7\" alt=\"\" width=\"141\" height=\"141\" srcset=\"https:\/\/leclub.puredrive.info\/wp-content\/uploads\/2023\/06\/cropped-Original-Logo-300x300.png 300w, https:\/\/leclub.puredrive.info\/wp-content\/uploads\/2023\/06\/cropped-Original-Logo-1024x1022.png 1024w, https:\/\/leclub.puredrive.info\/wp-content\/uploads\/2023\/06\/cropped-Original-Logo-150x150.png 150w, https:\/\/leclub.puredrive.info\/wp-content\/uploads\/2023\/06\/cropped-Original-Logo-768x766.png 768w, https:\/\/leclub.puredrive.info\/wp-content\/uploads\/2023\/06\/cropped-Original-Logo-1536x1533.png 1536w, https:\/\/leclub.puredrive.info\/wp-content\/uploads\/2023\/06\/cropped-Original-Logo.png 1980w\" sizes=\"(max-width: 141px) 100vw, 141px\" \/><\/p>\n<p>Envie d&#8217;une nouvelle mani\u00e8re de voyager ?<\/p>\n<p>Envie d&#8217;une nouvelle approche des week-end ?<\/p>\n<p>Envie de voyager l\u00e9ger ?<\/p>\n<p>Envie de d\u00e9couvrir d&#8217;autres horizons au volant d&#8217;une Devinci ?<\/p>\n<p>Pure Drive vous propose de pr\u00e9parer et vivre votre prochain s\u00e9jour d&#8217;une toute autre fa\u00e7on.<\/p>\n<p>Propri\u00e9taires d&#8217;une Devinci ?<\/p>\n<h3><strong><em>Bienvenue au Club<\/em><\/strong><\/h3>\n<p><a href=\"https:\/\/leclub.puredrive.info\/index.php\/contact\/\">Contactez-moi !<\/a><\/p>\n","protected":false},"excerpt":{"rendered":"<p>Envie d&#8217;une nouvelle mani\u00e8re de voyager ? Envie d&#8217;une nouvelle approche des week-end ? Envie de voyager l\u00e9ger ? Envie de d\u00e9couvrir d&#8217;autres horizons au volant d&#8217;une Devinci ? Pure Drive vous propose de pr\u00e9parer et vivre votre prochain s\u00e9jour d&#8217;une toute autre fa\u00e7on. Propri\u00e9taires d&#8217;une Devinci ? Bienvenue au Club Contactez-moi !<\/p>\n","protected":false},"author":1,"featured_media":52,"parent":0,"menu_order":0,"comment_status":"closed","ping_status":"closed","template":"","meta":{"footnotes":""},"class_list":["post-25","page","type-page","status-publish","has-post-thumbnail","hentry"],"_links":{"self":[{"href":"https:\/\/leclub.puredrive.info\/index.php\/wp-json\/wp\/v2\/pages\/25"}],"collection":[{"href":"https:\/\/leclub.puredrive.info\/index.php\/wp-json\/wp\/v2\/pages"}],"about":[{"href":"https:\/\/leclub.puredrive.info\/index.php\/wp-json\/wp\/v2\/types\/page"}],"author":[{"embeddable":true,"href":"https:\/\/leclub.puredrive.info\/index.php\/wp-json\/wp\/v2\/users\/1"}],"replies":[{"embeddable":true,"href":"https:\/\/leclub.puredrive.info\/index.php\/wp-json\/wp\/v2\/comments?post=25"}],"version-history":[{"count":12,"href":"https:\/\/leclub.puredrive.info\/index.php\/wp-json\/wp\/v2\/pages\/25\/revisions"}],"predecessor-version":[{"id":91,"href":"https:\/\/leclub.puredrive.info\/index.php\/wp-json\/wp\/v2\/pages\/25\/revisions\/91"}],"wp:featuredmedia":[{"embeddable":true,"href":"https:\/\/leclub.puredrive.info\/index.php\/wp-json\/wp\/v2\/media\/52"}],"wp:attachment":[{"href":"https:\/\/leclub.puredrive.info\/index.php\/wp-json\/wp\/v2\/media?parent=25"}],"curies":[{"name":"wp","href":"https:\/\/api.w.org\/{rel}","templated":true}]}}